{"id":100,"date":"2013-07-03T07:10:50","date_gmt":"2013-07-03T07:10:50","guid":{"rendered":"http:\/\/www.binarisoftware.com\/fr\/?page_id=100"},"modified":"2013-07-11T10:00:37","modified_gmt":"2013-07-11T10:00:37","slug":"backoffice","status":"publish","type":"page","link":"https:\/\/www.binarisoftware.com\/fr\/solutions-2\/backoffice\/","title":{"rendered":"Backoffice"},"content":{"rendered":"<p><strong>\u00bfQu&rsquo;est ce que c&rsquo;est BackOffice de Binari?<\/strong><\/p>\n<div align=\"justify\">\n<p>Binari BackOffice est un syst\u00e8me modulaire qui s&rsquo;adapte aux besoins et \u00e0 la complexit\u00e9 de chaque secteur, int\u00e9grant diff\u00e9rents logiciels d\u00e9velopp\u00e9 par Binari ou cr\u00e9\u00e9s par autres soci\u00e9t\u00e9s. Pour les entreprises\u00a0complexes ou qui ont des processus complexes doivent \u00eatre examin\u00e9es en d\u00e9tail, les connaissances et l&rsquo;exp\u00e9rience de toutes les exigences. <strong> Notre exp\u00e9rience en tant que d\u00e9veloppeurs de solutions logicielles dans des projets en divers probl\u00e8mes, nous permettent d&rsquo;int\u00e9grer et de personnaliser chaque pi\u00e8ce ou processus de gestion de l&rsquo;entreprise.<\/strong> BackOffice est un moyen rapide et simple pour optimiser le travail quotidien, am\u00e9liorer la productivit\u00e9 et aider \u00e0 la prise de d\u00e9cision.<\/p>\n<div>\n<div class=\"tabs\">\n<div class=\"tab\"><input id=\"tab-1\" type=\"radio\" name=\"tab-group-1\" checked=\"checked\" \/><br \/>\n<label for=\"tab-1\"><span style=\"color: #464749;\"><strong>Avantages<\/strong><\/span><\/label><\/p>\n<div class=\"cont\">\n<p class=\"parrafo5\"><a href=\"check.png\"><img decoding=\"async\" loading=\"lazy\" src=\"https:\/\/i0.wp.com\/www.binarisoftware.com\/wp-content\/uploads\/2012\/12\/check.png?resize=20%2C20\" alt=\"\" width=\"20\" height=\"20\" data-recalc-dims=\"1\" \/><\/a>Optimisation des processus de l&rsquo;entreprise.<\/p>\n<p class=\"parrafo5\"><a href=\"check.png\"><img decoding=\"async\" loading=\"lazy\" src=\"https:\/\/i0.wp.com\/www.binarisoftware.com\/wp-content\/uploads\/2012\/12\/check.png?resize=20%2C20\" alt=\"\" width=\"20\" height=\"20\" data-recalc-dims=\"1\" \/><\/a>Le partage et l&rsquo;acc\u00e8s \u00e0 l&rsquo;information.<\/p>\n<p class=\"parrafo5\"><a href=\"check.png\"><img decoding=\"async\" loading=\"lazy\" src=\"https:\/\/i0.wp.com\/www.binarisoftware.com\/wp-content\/uploads\/2012\/12\/check.png?resize=20%2C20\" alt=\"\" width=\"20\" height=\"20\" data-recalc-dims=\"1\" \/><\/a>Augmentation de la s\u00e9curit\u00e9 et de tra\u00e7abilit\u00e9.<\/p>\n<p class=\"parrafo5\"><a href=\"check.png\"><img decoding=\"async\" loading=\"lazy\" src=\"https:\/\/i0.wp.com\/www.binarisoftware.com\/wp-content\/uploads\/2012\/12\/check.png?resize=20%2C20\" alt=\"\" width=\"20\" height=\"20\" data-recalc-dims=\"1\" \/><\/a>L&rsquo;\u00e9limination des op\u00e9rations inutiles.<\/p>\n<p class=\"parrafo5\"><a href=\"check.png\"><img decoding=\"async\" loading=\"lazy\" src=\"https:\/\/i0.wp.com\/www.binarisoftware.com\/wp-content\/uploads\/2012\/12\/check.png?resize=20%2C20\" alt=\"\" width=\"20\" height=\"20\" data-recalc-dims=\"1\" \/><\/a>Appui \u00e0 la chaine de valeur.<\/p>\n<p class=\"parrafo5\"><a href=\"check.png\"><img decoding=\"async\" loading=\"lazy\" src=\"https:\/\/i0.wp.com\/www.binarisoftware.com\/wp-content\/uploads\/2012\/12\/check.png?resize=20%2C20\" alt=\"\" width=\"20\" height=\"20\" data-recalc-dims=\"1\" \/><\/a>Temps de r\u00e9ponse rapide.<\/p>\n<p class=\"parrafo5\"><a href=\"check.png\"><img decoding=\"async\" loading=\"lazy\" src=\"https:\/\/i0.wp.com\/www.binarisoftware.com\/wp-content\/uploads\/2012\/12\/check.png?resize=20%2C20\" alt=\"\" width=\"20\" height=\"20\" data-recalc-dims=\"1\" \/><\/a>L&rsquo;utilisation efficace de l&rsquo;information qui permet prendre des d\u00e9cisions optimales.<\/p>\n<p class=\"parrafo5\"><a href=\"check.png\"><img decoding=\"async\" loading=\"lazy\" src=\"https:\/\/i0.wp.com\/www.binarisoftware.com\/wp-content\/uploads\/2012\/12\/check.png?resize=20%2C20\" alt=\"\" width=\"20\" height=\"20\" data-recalc-dims=\"1\" \/><\/a>Diminuer les co\u00fbts d&rsquo;exploitation globaux.<\/p>\n<p class=\"parrafo5\"><a href=\"check.png\"><img decoding=\"async\" loading=\"lazy\" src=\"https:\/\/i0.wp.com\/www.binarisoftware.com\/wp-content\/uploads\/2012\/12\/check.png?resize=20%2C20\" alt=\"\" width=\"20\" height=\"20\" data-recalc-dims=\"1\" \/><\/a>D\u00e9pannage administrative et fiscale.<\/p>\n<p class=\"parrafo5\"><a href=\"check.png\"><img decoding=\"async\" loading=\"lazy\" src=\"https:\/\/i0.wp.com\/www.binarisoftware.com\/wp-content\/uploads\/2012\/12\/check.png?resize=20%2C20\" alt=\"\" width=\"20\" height=\"20\" data-recalc-dims=\"1\" \/><\/a>La facilit\u00e9 d&rsquo;utilisation et la mise en \u0153uvre rapide.<\/p>\n<p class=\"parrafo5\"><a href=\"check.png\"><img decoding=\"async\" loading=\"lazy\" src=\"https:\/\/i0.wp.com\/www.binarisoftware.com\/wp-content\/uploads\/2012\/12\/check.png?resize=20%2C20\" alt=\"\" width=\"20\" height=\"20\" data-recalc-dims=\"1\" \/><\/a>Multiples langues et devises.<\/p>\n<\/div>\n<\/div>\n<\/div>\n<\/div>\n<\/div>\n<p style=\"color: orange;\" align=\"right\"><a href=\"http:\/\/www.binarisoftware.com\/modulos-backoffice\/\">Plus d&rsquo;informations&#8230;<\/a><\/p>\n<p>&nbsp;<\/p>\n<div class=\"sharedaddy sd-sharing-enabled\"><div class=\"robots-nocontent sd-block sd-social sd-social-official sd-sharing\"><h3 class=\"sd-title\">Partager&nbsp;:<\/h3><div class=\"sd-content\"><ul><li class=\"share-print\"><a rel=\"nofollow noopener noreferrer\" data-shared=\"\" class=\"share-print sd-button\" href=\"https:\/\/www.binarisoftware.com\/fr\/solutions-2\/backoffice\/\" target=\"_blank\" title=\"Cliquer pour imprimer\" ><span>Imprimer<\/span><\/a><\/li><li class=\"share-linkedin\"><div class=\"linkedin_button\"><script type=\"in\/share\" data-url=\"https:\/\/www.binarisoftware.com\/fr\/solutions-2\/backoffice\/\" data-counter=\"right\"><\/script><\/div><\/li><li class=\"share-twitter\"><a href=\"https:\/\/twitter.com\/share\" class=\"twitter-share-button\" data-url=\"https:\/\/www.binarisoftware.com\/fr\/solutions-2\/backoffice\/\" data-text=\"Backoffice\"  >Tweet<\/a><\/li><li class=\"share-end\"><\/li><\/ul><\/div><\/div><\/div>","protected":false},"excerpt":{"rendered":"<p>\u00bfQu&rsquo;est ce que c&rsquo;est BackOffice de Binari? Binari BackOffice est un syst\u00e8me modulaire qui s&rsquo;adapte aux besoins et \u00e0 la complexit\u00e9 de chaque secteur, int\u00e9grant diff\u00e9rents logiciels d\u00e9velopp\u00e9 par Binari ou cr\u00e9\u00e9s par autres soci\u00e9t\u00e9s. Pour les entreprises\u00a0complexes ou qui ont des processus complexes doivent \u00eatre examin\u00e9es en d\u00e9tail, les connaissances et l&rsquo;exp\u00e9rience de toutes [&hellip;]<\/p>\n<div class=\"sharedaddy sd-sharing-enabled\"><div class=\"robots-nocontent sd-block sd-social sd-social-official sd-sharing\"><h3 class=\"sd-title\">Partager&nbsp;:<\/h3><div class=\"sd-content\"><ul><li class=\"share-print\"><a rel=\"nofollow noopener noreferrer\" data-shared=\"\" class=\"share-print sd-button\" href=\"https:\/\/www.binarisoftware.com\/fr\/solutions-2\/backoffice\/\" target=\"_blank\" title=\"Cliquer pour imprimer\" ><span>Imprimer<\/span><\/a><\/li><li class=\"share-linkedin\"><div class=\"linkedin_button\"><script type=\"in\/share\" data-url=\"https:\/\/www.binarisoftware.com\/fr\/solutions-2\/backoffice\/\" data-counter=\"right\"><\/script><\/div><\/li><li class=\"share-twitter\"><a href=\"https:\/\/twitter.com\/share\" class=\"twitter-share-button\" data-url=\"https:\/\/www.binarisoftware.com\/fr\/solutions-2\/backoffice\/\" data-text=\"Backoffice\"  >Tweet<\/a><\/li><li class=\"share-end\"><\/li><\/ul><\/div><\/div><\/div>","protected":false},"author":1,"featured_media":0,"parent":85,"menu_order":0,"comment_status":"open","ping_status":"open","template":"","meta":{"jetpack_post_was_ever_published":false},"jetpack_sharing_enabled":true,"jetpack_shortlink":"https:\/\/wp.me\/P3KDHJ-1C","_links":{"self":[{"href":"https:\/\/www.binarisoftware.com\/fr\/wp-json\/wp\/v2\/pages\/100"}],"collection":[{"href":"https:\/\/www.binarisoftware.com\/fr\/wp-json\/wp\/v2\/pages"}],"about":[{"href":"https:\/\/www.binarisoftware.com\/fr\/wp-json\/wp\/v2\/types\/page"}],"author":[{"embeddable":true,"href":"https:\/\/www.binarisoftware.com\/fr\/wp-json\/wp\/v2\/users\/1"}],"replies":[{"embeddable":true,"href":"https:\/\/www.binarisoftware.com\/fr\/wp-json\/wp\/v2\/comments?post=100"}],"version-history":[{"count":19,"href":"https:\/\/www.binarisoftware.com\/fr\/wp-json\/wp\/v2\/pages\/100\/revisions"}],"predecessor-version":[{"id":211,"href":"https:\/\/www.binarisoftware.com\/fr\/wp-json\/wp\/v2\/pages\/100\/revisions\/211"}],"up":[{"embeddable":true,"href":"https:\/\/www.binarisoftware.com\/fr\/wp-json\/wp\/v2\/pages\/85"}],"wp:attachment":[{"href":"https:\/\/www.binarisoftware.com\/fr\/wp-json\/wp\/v2\/media?parent=100"}],"curies":[{"name":"wp","href":"https:\/\/api.w.org\/{rel}","templated":true}]}}