{"id":2,"date":"2012-11-02T09:57:34","date_gmt":"2012-11-02T09:57:34","guid":{"rendered":"http:\/\/www.binarisoftware.com\/fr\/?page_id=2"},"modified":"2013-08-19T10:57:17","modified_gmt":"2013-08-19T09:57:17","slug":"a-propos-de-nous","status":"publish","type":"page","link":"https:\/\/www.binarisoftware.com\/fr\/a-propos-de-nous\/","title":{"rendered":"Entreprise"},"content":{"rendered":"<div align=\"justify\">\n<p>BINARI est une entreprise qui d\u00e9veloppe logiciels novatrice, avec une vaste exp\u00e9rience dans le d\u00e9veloppement d&rsquo;applications. Nous mettons en \u0153uvre les derni\u00e8res technologies afin de cr\u00e9er les produits les plus adapt\u00e9s \u00e0 chaque besoin. Nos applications sont pr\u00e9sentes dans la cha\u00eene d&rsquo;approvisionnement de grandes entreprises dans des secteurs tels que l&rsquo;alimentation, de la logistique et du transport, entre autres. Plus de 20 ans \u00e0 cr\u00e9er des produits logiciels ont invers\u00e9 la plus haute qualit\u00e9 qui offrent une valeur et des avantages concurrentiels \u00e0 nos clients.<\/p>\n<\/div>\n<p><strong>Domaines d&rsquo;activit\u00e9 d&rsquo;expertise<\/strong><\/p>\n<div align=\"justify\">\n<p>Binari Software Solutions d\u00e9veloppe le logiciel utilisant les technologies les plus actuelles dans les environnements Windows et Open Source. Notre logiciel a \u00e9t\u00e9 d\u00e9veloppe en utilisant l\u2019architecture \u00e0 chaque besoin ; NET Framework et SQL Server pour les syst\u00e8mes de BackOffice et la gestion d\u2019entrep\u00f4t. WEB PHP et MySQL pour le commerce \u00e9lectronique et CMS. Pour le logiciel mobile Binari utilise Android, iOS, WinRT, WM 6.5. Tous les environnements sont parfaitement int\u00e9gr\u00e9s en utilisant les derni\u00e8res technologies telles que les services WEB XML, FACT EDI, EDI XML qui permet une parfaite synchronisation entre les platesformes et \/ou entreprises.<\/p>\n<\/div>\n<p><strong>L&rsquo;information d&rsquo;entrepise <\/strong><\/p>\n<div align=\"justify\">\n<p>BINARI est une soci\u00e9t\u00e9 priv\u00e9e fond\u00e9e en 1992. Initialement ax\u00e9e exclusivement sur le d\u00e9veloppement de logiciels personnalis\u00e9s, g\u00e9n\u00e9ralement \u00e0 la cha\u00eene d&rsquo;approvisionnement et la mise en \u0153uvre de m\u00e9thodologies pour la programmation des ordinateurs.<\/p>\n<p>Nous avons continu\u00e9 \u00e0 d\u00e9velopper et faire \u00e9voluer notre logiciel pour cr\u00e9er et mettre en \u0153uvre des solutions pour la cha\u00eene d&rsquo;approvisionnement et les produits qui ont \u00e9t\u00e9 reconnues dans l&rsquo;industrie. Aujourd&rsquo;hui, nos produits incluent un syst\u00e8me de gestion d&rsquo;entrep\u00f4t complet bas\u00e9 sur &laquo;&nbsp;Caotic&nbsp;&raquo;, des logiciels de mobilit\u00e9 et Back Office avec les modules d&rsquo;extension multiples.<\/p>\n<p>Binari fondateurs continuent tant que membres actifs de nos \u00e9quipes de d\u00e9veloppement et strat\u00e9gie, au service des clients de longue distance, dont certains, \u00e0 la relation de plus de 20 ans.<\/p>\n<\/div>\n<p><strong>Orientation au client <\/strong><\/p>\n<div align=\"justify\">\n<p>Une correcte <strong>orientation au client <\/strong> signifie une volont\u00e9 de satisfaire les clients avec un engagement personnel pour r\u00e9pondre \u00e0 leurs commandes, d\u00e9sirs et attentes. Inqui\u00e9tude consiste \u00e0 comprendre les besoins des clients et r\u00e9soudre leurs probl\u00e8mes, et des efforts suppl\u00e9mentaires afin de d\u00e9passer vos attentes et en tenant compte, entre autres, les variables de respect, la gentillesse, la bont\u00e9, l&rsquo;opportunit\u00e9 et l&rsquo;excellence.<\/p>\n<\/div>\n<div class=\"tabs2\">\n<div class=\"tab\"><input id=\"tab-1\" type=\"radio\" name=\"tab-group-1\" checked=\"checked\" \/><br \/> <label for=\"tab-1\"><span style=\"color: #464749;\"><strong>\u00bfPorquoi Binari?<\/strong><\/span><\/label><\/p>\n<div class=\"cont\">\n<p class=\"parrafo5\"><a href=\"check.png\"><img decoding=\"async\" loading=\"lazy\" src=\"https:\/\/i0.wp.com\/www.binarisoftware.com\/wp-content\/uploads\/2012\/12\/check.png?resize=15%2C15\" alt=\"\" width=\"15\" height=\"15\" data-recalc-dims=\"1\" \/><\/a>Entreprise de developpement de logiciel avec la capacit\u00e9 de s&rsquo;attaquer \u00e0 toutes sortes de projets.<\/p>\n<p class=\"parrafo5\"><a href=\"check.png\"><img decoding=\"async\" loading=\"lazy\" src=\"https:\/\/i0.wp.com\/www.binarisoftware.com\/wp-content\/uploads\/2012\/12\/check.png?resize=15%2C15\" alt=\"\" width=\"15\" height=\"15\" data-recalc-dims=\"1\" \/><\/a><span id=\"result_box\" lang=\"fr\"><span class=\"hps\">Consolid\u00e9e dans le<\/span> <span class=\"hps\">march\u00e9<\/span> <span class=\"hps\">IT<\/span>, nos clients sont <span class=\"hps\">notre garantie.<\/span><\/span><\/p>\n<p class=\"parrafo5\"><a href=\"check.png\"><img decoding=\"async\" loading=\"lazy\" src=\"https:\/\/i0.wp.com\/www.binarisoftware.com\/wp-content\/uploads\/2012\/12\/check.png?resize=15%2C15\" alt=\"\" width=\"15\" height=\"15\" data-recalc-dims=\"1\" \/><\/a><span id=\"result_box\" class=\"short_text\" lang=\"fr\"><span class=\"hps\">Fermer<\/span> <span class=\"hps\">relation<\/span> <span class=\"hps\">de<\/span> <span class=\"hps\">l&rsquo;engagement du client<\/span>.<\/span><\/p>\n<p class=\"parrafo5\"><a href=\"check.png\"><img decoding=\"async\" loading=\"lazy\" src=\"https:\/\/i0.wp.com\/www.binarisoftware.com\/wp-content\/uploads\/2012\/12\/check.png?resize=15%2C15\" alt=\"\" width=\"15\" height=\"15\" data-recalc-dims=\"1\" \/><\/a><span id=\"result_box\" lang=\"fr\"><span class=\"hps\">Nous nous concentrons sur<\/span> <span class=\"hps\">l&rsquo;innovation<\/span> <span class=\"hps\">et la qualit\u00e9<\/span> <span class=\"hps\">de nos produits.<\/span><\/span><\/p>\n<p class=\"parrafo5\"><a href=\"check.png\"><img decoding=\"async\" loading=\"lazy\" src=\"https:\/\/i0.wp.com\/www.binarisoftware.com\/wp-content\/uploads\/2012\/12\/check.png?resize=15%2C15\" alt=\"\" width=\"15\" height=\"15\" data-recalc-dims=\"1\" \/><\/a>Sp\u00e9cialis\u00e9 dans toutes sortes de solutions et de dispositifs int\u00e9gr\u00e9s.<\/p>\n<p class=\"parrafo5\"><a href=\"check.png\"><img decoding=\"async\" loading=\"lazy\" src=\"https:\/\/i0.wp.com\/www.binarisoftware.com\/wp-content\/uploads\/2012\/12\/check.png?resize=15%2C15\" alt=\"\" width=\"15\" height=\"15\" data-recalc-dims=\"1\" \/><\/a><span id=\"result_box\" lang=\"fr\"><span class=\"hps\">Adaptabilit\u00e9<\/span> <span class=\"hps\">compl\u00e8te<\/span> <span class=\"hps\">aux diff\u00e9rents environnements<\/span> <span class=\"hps\">et cultures.<\/span><\/span><\/p>\n<p class=\"parrafo5\">\n<\/div>\n<\/div>\n<\/div>\n<p align=\"center\">\n<div class=\"sharedaddy sd-sharing-enabled\"><div class=\"robots-nocontent sd-block sd-social sd-social-official sd-sharing\"><h3 class=\"sd-title\">Partager&nbsp;:<\/h3><div class=\"sd-content\"><ul><li class=\"share-print\"><a rel=\"nofollow noopener noreferrer\" data-shared=\"\" class=\"share-print sd-button\" href=\"https:\/\/www.binarisoftware.com\/fr\/a-propos-de-nous\/\" target=\"_blank\" title=\"Cliquer pour imprimer\" ><span>Imprimer<\/span><\/a><\/li><li class=\"share-linkedin\"><div class=\"linkedin_button\"><script type=\"in\/share\" data-url=\"https:\/\/www.binarisoftware.com\/fr\/a-propos-de-nous\/\" data-counter=\"right\"><\/script><\/div><\/li><li class=\"share-twitter\"><a href=\"https:\/\/twitter.com\/share\" class=\"twitter-share-button\" data-url=\"https:\/\/www.binarisoftware.com\/fr\/a-propos-de-nous\/\" data-text=\"Entreprise\"  >Tweet<\/a><\/li><li class=\"share-end\"><\/li><\/ul><\/div><\/div><\/div>","protected":false},"excerpt":{"rendered":"<p>BINARI est une entreprise qui d\u00e9veloppe logiciels novatrice, avec une vaste exp\u00e9rience dans le d\u00e9veloppement d&rsquo;applications. Nous mettons en \u0153uvre les derni\u00e8res technologies afin de cr\u00e9er les produits les plus adapt\u00e9s \u00e0 chaque besoin. Nos applications sont pr\u00e9sentes dans la cha\u00eene d&rsquo;approvisionnement de grandes entreprises dans des secteurs tels que l&rsquo;alimentation, de la logistique et [&hellip;]<\/p>\n<div class=\"sharedaddy sd-sharing-enabled\"><div class=\"robots-nocontent sd-block sd-social sd-social-official sd-sharing\"><h3 class=\"sd-title\">Partager&nbsp;:<\/h3><div class=\"sd-content\"><ul><li class=\"share-print\"><a rel=\"nofollow noopener noreferrer\" data-shared=\"\" class=\"share-print sd-button\" href=\"https:\/\/www.binarisoftware.com\/fr\/a-propos-de-nous\/\" target=\"_blank\" title=\"Cliquer pour imprimer\" ><span>Imprimer<\/span><\/a><\/li><li class=\"share-linkedin\"><div class=\"linkedin_button\"><script type=\"in\/share\" data-url=\"https:\/\/www.binarisoftware.com\/fr\/a-propos-de-nous\/\" data-counter=\"right\"><\/script><\/div><\/li><li class=\"share-twitter\"><a href=\"https:\/\/twitter.com\/share\" class=\"twitter-share-button\" data-url=\"https:\/\/www.binarisoftware.com\/fr\/a-propos-de-nous\/\" data-text=\"Entreprise\"  >Tweet<\/a><\/li><li class=\"share-end\"><\/li><\/ul><\/div><\/div><\/div>","protected":false},"author":2,"featured_media":0,"parent":0,"menu_order":5,"comment_status":"open","ping_status":"open","template":"","meta":{"jetpack_post_was_ever_published":false},"jetpack_sharing_enabled":true,"jetpack_shortlink":"https:\/\/wp.me\/P3KDHJ-2","_links":{"self":[{"href":"https:\/\/www.binarisoftware.com\/fr\/wp-json\/wp\/v2\/pages\/2"}],"collection":[{"href":"https:\/\/www.binarisoftware.com\/fr\/wp-json\/wp\/v2\/pages"}],"about":[{"href":"https:\/\/www.binarisoftware.com\/fr\/wp-json\/wp\/v2\/types\/page"}],"author":[{"embeddable":true,"href":"https:\/\/www.binarisoftware.com\/fr\/wp-json\/wp\/v2\/users\/2"}],"replies":[{"embeddable":true,"href":"https:\/\/www.binarisoftware.com\/fr\/wp-json\/wp\/v2\/comments?post=2"}],"version-history":[{"count":4,"href":"https:\/\/www.binarisoftware.com\/fr\/wp-json\/wp\/v2\/pages\/2\/revisions"}],"predecessor-version":[{"id":277,"href":"https:\/\/www.binarisoftware.com\/fr\/wp-json\/wp\/v2\/pages\/2\/revisions\/277"}],"wp:attachment":[{"href":"https:\/\/www.binarisoftware.com\/fr\/wp-json\/wp\/v2\/media?parent=2"}],"curies":[{"name":"wp","href":"https:\/\/api.w.org\/{rel}","templated":true}]}}