{"id":76,"date":"2013-07-03T07:08:20","date_gmt":"2013-07-03T07:08:20","guid":{"rendered":"http:\/\/www.binarisoftware.com\/fr\/?page_id=76"},"modified":"2014-04-29T08:19:46","modified_gmt":"2014-04-29T07:19:46","slug":"caotic","status":"publish","type":"page","link":"https:\/\/www.binarisoftware.com\/fr\/solutions-2\/caotic\/","title":{"rendered":"Caotic"},"content":{"rendered":"<div id=\"contenedor\" style=\"left: 5px; top: 5px;\">\n<p><span style=\"font-size: large; color: #ff6600;\">\u201cCaotic est la solution pour entrep\u00f4ts qui r\u00e9pond aux besoins d\u2019efficacit\u00e9, pr\u00e9cision et contr\u00f4le d\u00e9mand\u00e9 par nos clients\u201d.<\/span><\/p>\n<p><span style=\"font-size: small; color: #ff6600;\"><em><strong>Robert Munn\u00e9<\/strong>, Directeur Binari Software Solutions.<\/em>.<\/span><\/p>\n<p class=\"parrafo2\"><strong>Binari<\/strong> pr\u00e9sente <strong>Caotic<\/strong>, la technologie la plus actuelle, en temps r\u00e9elpour automatiser les processus op\u00e9rationnels les plus exigeants dans les centres de stockage et distribution.<\/p>\n<p><strong>Caotic<\/strong> aporte:<\/p>\n<ul>\n<li class=\"lista1\">Solution globale pour toute sorte d&rsquo;entrep\u00f4ts.<\/li>\n<li class=\"lista1\">Optimise la qualit\u00e9 de toutes les op\u00e9rations logistiques.<\/li>\n<li class=\"lista1\">Augmente la productivit\u00e9 des op\u00e9rateurs et du centre de stockage.<\/li>\n<li class=\"lista1\">Contr\u00f4le le stock.<\/li>\n<li class=\"lista1\">\u201cQuick win\u201d pour la gestion d\u2019incidents.<\/li>\n<\/ul>\n<div id=\"contenedor\" style=\"left: 5px; top: 5px;\"><a href=\"https:\/\/i0.wp.com\/www.binarisoftware.com\/fr\/files\/2013\/07\/caotic_fr.jpg\"><img decoding=\"async\" loading=\"lazy\" class=\"aligncenter size-full wp-image-413\" title=\"caotic\" src=\"https:\/\/i0.wp.com\/www.binarisoftware.com\/fr\/files\/2013\/07\/caotic_fr.jpg?resize=630%2C200\" alt=\"\" width=\"630\" height=\"200\" data-recalc-dims=\"1\" \/><\/a><\/div>\n<div style=\"left: 5px; top: 5px;\"><strong style=\"color: #ffffff; font-size: medium;\">Avantages<\/strong><\/div>\n<table class=\"tabla2\">\n<colgroup>\n<col class=\"col1\" \/>\n<col class=\"col1\" \/>\n<col class=\"col1\" \/> <\/colgroup>\n<tbody>\n<tr class=\"tabla2\">\n<td class=\"tabla2\" valign=\"top\">\n<div style=\"text-align: center;\"><span style=\"color: #ff6600;\"><strong>A stockage<\/strong><\/span><\/div>\n<div style=\"text-align: center;\"><\/div>\n<div style=\"text-align: center;\">Modules sp\u00e9cialis\u00e9s flexibles et<\/div>\n<div style=\"text-align: center;\">int\u00e9grables par radiofr\u00e9quence et voix.<\/div>\n<div style=\"text-align: center;\"><\/div>\n<div style=\"text-align: center;\">Garantit le contr\u00f4le de lots<\/div>\n<div style=\"text-align: center;\">et dates de p\u00e9remptions dans toute<\/div>\n<div style=\"text-align: center;\">la chainne d&rsquo;approvisionnment et en temps r\u00e9el.<\/div>\n<\/td>\n<td valign=\"top\">\n<div style=\"text-align: center;\"><span style=\"color: #ff6600;\"><strong>Distribution et transport<\/strong><\/span><\/div>\n<div style=\"text-align: center;\"><\/div>\n<div style=\"text-align: center;\">Planification de charge.<\/div>\n<div style=\"text-align: center;\"><\/div>\n<div style=\"text-align: center;\">Etiquetage et integration automatis\u00e9e<\/div>\n<div style=\"text-align: center;\">avec les principales entreprises de transport.<\/div>\n<div style=\"text-align: center;\"><\/div>\n<div style=\"text-align: center;\">Cr\u00e9ation automatique \/ Impression de<\/div>\n<div style=\"text-align: center;\">manifestes de charge.<\/div>\n<div style=\"text-align: center;\"><\/div>\n<div style=\"text-align: center;\">Int\u00e9graton de l&rsquo;IOD confirmation de<\/div>\n<div style=\"text-align: center;\">la livraison par le transporteur.<\/div>\n<\/td>\n<td class=\"tabla2\" valign=\"top\">\n<div style=\"text-align: center;\"><span style=\"color: #ff6600;\"><strong>Int\u00e9gration<\/strong><\/span><\/div>\n<div style=\"text-align: center;\"><\/div>\n<div style=\"text-align: center;\">Complete module de communications qui permet<\/div>\n<div style=\"text-align: center;\">l&rsquo;int\u00e9gration avec des syst\u00e8mes<\/div>\n<div style=\"text-align: center;\">de gesti\u00f3n ERP et eCommerce.<\/div>\n<div style=\"text-align: center;\"><\/div>\n<div style=\"text-align: center;\">Garantit le contr\u00f4le et la tra\u00e7abilit\u00e9<\/div>\n<div style=\"text-align: center;\">de toutes les transactions de fa\u00e7on totalement<\/div>\n<div style=\"text-align: center;\">transparent pour l&rsquo;utilisater<\/div>\n<\/td>\n<\/tr>\n<tr class=\"tablacaotic\">\n<td class=\"tablacaotic\" style=\"background-color: #f58e57;\" colspan=\"3\">\n<div style=\"text-align: center;\"><span style=\"font-size: medium; color: #ffffff;\"><strong>B\u00e9n\u00e9fices<\/strong><\/span><\/div>\n<table style=\"border: 0px solid black; width: 100%;\">\n<tbody>\n<tr class=\"tabla2\">\n<td class=\"tabla2\" colspan=\"3\">\n<ul>\n<li class=\"lista1\"><span style=\"color: #ffffff;\">Technologie avanc\u00e9e avec avantages competitifs.<\/span><\/li>\n<li class=\"lista1\"><span style=\"color: #ffffff;\">R\u00e9duction d&rsquo;erreurs<\/span><\/li>\n<li class=\"lista1\"><span style=\"color: #ffffff;\">Augmente la productivit\u00e9 dans l&rsquo;entrep\u00f4t.<\/span><\/li>\n<\/ul>\n<\/td>\n<td>\n<ul>\n<li class=\"lista1\"><span style=\"color: #ffffff;\">Caotic optimise l&rsquo;espace dans l&rsquo;entrep\u00f4t.<\/span><\/li>\n<li class=\"lista1\"><span style=\"color: #ffffff;\">R\u00e9duis les co\u00fbts de pr\u00e9paration.<\/span><\/li>\n<li class=\"lista1\"><span style=\"color: #ffffff;\">S\u00e9curit\u00e9<\/span><\/li>\n<\/ul>\n<\/td>\n<\/tr>\n<\/tbody>\n<\/table>\n<\/td>\n<\/tr>\n<\/tbody>\n<\/table>\n<p>&nbsp;<\/p>\n<p><a href=\"https:\/\/i0.wp.com\/www.binarisoftware.com\/wp-content\/uploads\/2012\/11\/almacen2.png\"><img decoding=\"async\" loading=\"lazy\" class=\"aligncenter size-full wp-image-1073\" title=\"almacen\" src=\"https:\/\/i0.wp.com\/www.binarisoftware.com\/wp-content\/uploads\/2012\/11\/almacen11.png?resize=1051%2C678\" alt=\"\" width=\"1051\" height=\"678\" data-recalc-dims=\"1\" \/><\/a><\/p>\n<p>&nbsp;<\/p>\n<table class=\"estilotabla\" cellspacing=\"2\" cellpadding=\"2\">\n<tbody>\n<tr>\n<td class=\"estilocelda\" style=\"width: 346px; text-align: center;\">R\u00e9ception<\/td>\n<td class=\"estilocelda\" style=\"width: 496px; text-align: center;\">Repositions<\/td>\n<\/tr>\n<tr>\n<td style=\"width: 346px;\">\u00bb Planifie, organise et g\u00e8re l&rsquo;activit\u00e9 d&rsquo;entr\u00e9e<br \/>\ndepuis la pr\u00e9vision de resources jusqu&rsquo;a<br \/>\nl&#8217;emplacement de la marchandise.<br \/>\n\u00bb Contr\u00f4le de r\u00e9ception (v\u00e9rification<br \/>\nde la date de p\u00e9remption, poids et<br \/>\nformat logistics.<br \/>\n\u00bb Optimisationn de la circulations<br \/>\ndes charrots.<br \/>\n\u00bb Allocation optimal d&rsquo;espace pour le stockage.<br \/>\n\u00bb Impressi\u00f3n d&rsquo;\u00e9tiquettes EAN128<\/td>\n<td style=\"width: 496px;\">G\u00e8re le r\u00e9approvisionnement des espaces vides<br \/>\nde picking selon n\u00e9cessit\u00e9.<br \/>\n\u00bb Online: en temps reel et en fonction<br \/>\ndu stock et des commandes pendentes de servir.<br \/>\n\u00bb A p\u00e9tition et selon le crit\u00e8re du responsable.<br \/>\n\u00bb A p\u00e9tition et selon le crit\u00e8re du responsable.<\/td>\n<\/tr>\n<tr>\n<td class=\"estilocelda\" style=\"width: 503px; text-align: center;\">Sorties<\/td>\n<td class=\"estilocelda\" style=\"width: 346px; text-align: center;\">Devolutions<\/td>\n<\/tr>\n<tr>\n<td style=\"width: 503px;\">\u00bb Palette compl\u00e8te.<br \/>\n\u00bb Picking.<br \/>\n\u00bb Picking par voix.<br \/>\n\u00bb Livraisons group\u00e9es.<br \/>\n\u00bb Cross-docking.<br \/>\n\u00bb Poids variables.<br \/>\n\u00bb FIFO\/FEFO<\/td>\n<td>G\u00e8re les retours de marchandise des clientes \u00e0 l&rsquo;entrep\u00f4t et celles de ceux-ci \u00e0 ses fournisseurs.<br \/>\nIl incorpore des processus d&rsquo;am\u00e9lioration de la productivit\u00e9.<\/td>\n<\/tr>\n<tr>\n<td class=\"estilocelda\" style=\"width: 496px; text-align: center;\">Transport<\/td>\n<td class=\"estilocelda\" style=\"width: 503px; text-align: center;\">Control y supervision<\/td>\n<\/tr>\n<tr>\n<td>\u00bb Planification des entr\u00e9es et sorties<br \/>\nde forme conjointe.<br \/>\n\u00bb G\u00e9re des crit\u00e8res de charge<br \/>\ndes camions.<br \/>\n\u00bb Contr\u00f4le de la charge bas\u00e9e sur la lecture automatique.<br \/>\n\u00bb Int\u00e9gration avec des grandes agences de trasnport<\/td>\n<td>Analyse et informe en temps r\u00e9el:<br \/>\n\u00bb Charge de travail r\u00e9alis\u00e9e et restante.<br \/>\n\u00bb Gestion des incidences.<br \/>\n\u00bb Etat des ressources techniques et humaines.<br \/>\n\u00bb Productivit\u00e9.<br \/>\n\u00bb Priorit\u00e9 et ordre de r\u00e9alisation des operations<br \/>\n\u00bb Panneau de commandes et de moniteur de t\u00e2ches.<br \/>\n\u00bb Consultations \u00e0 travers WEB et WEB SERVICES.<\/td>\n<\/tr>\n<tr>\n<td class=\"estilocelda\" style=\"width: 346px; text-align: center;\">Inventaire<\/td>\n<td class=\"estilocelda\" style=\"width: 496px; text-align: center;\">Cross-docking<\/td>\n<\/tr>\n<tr>\n<td>Module qui ermet le comptage de la marchandise sans besoin d&rsquo;arr\u00e8ter l&rsquo;activit\u00e9 de l&rsquo;entrep\u00f2t.<br \/>\nL&rsquo;inventaire peut se r\u00e9aliser<br \/>\npar radiofr\u00e9quence comme par voix.<\/td>\n<td>Echange de marchandises entre les moyens de transport.<br \/>\nOperations imm\u00e9diates.<br \/>\nCoordination d&rsquo;operations.<br \/>\nPermet d&rsquo;\u00e9liminer le stockage.<\/td>\n<\/tr>\n<tr>\n<td class=\"estilocelda\" style=\"width: 503px; text-align: center;\">Contr\u00f4le de la qualit\u00e9<\/td>\n<\/tr>\n<tr>\n<td>\u00bb Blocage automatique des produits pendent de passer le contr\u00f4le de qualit\u00e9.<br \/>\n\u00bb R\u00e9serve de produits en fonction de leur cat\u00e9gorie.<\/td>\n<\/tr>\n<\/tbody>\n<\/table>\n<\/div>\n<div style=\"text-align: left;\"><\/div>\n<div style=\"text-align: left;\"><span style=\"color: #000000;\"><strong>VERSIONS ET FUNCTIONALITIES:<\/strong><\/span><\/div>\n<div style=\"left: 5px; top: 5px; text-align: right;\"><\/div>\n<div style=\"left: 5px; top: 5px; text-align: left;\"><a href=\"https:\/\/i0.wp.com\/www.binarisoftware.com\/en\/files\/2013\/07\/func_cotic_eng_1.jpg\"><img decoding=\"async\" loading=\"lazy\" class=\"aligncenter size-full wp-image-197\" title=\"func_cotic_eng_1\" src=\"https:\/\/i0.wp.com\/www.binarisoftware.com\/en\/files\/2013\/07\/func_cotic_eng_1.jpg?resize=918%2C593\" alt=\"\" width=\"918\" height=\"593\" data-recalc-dims=\"1\" \/><\/a><\/div>\n<div style=\"left: 5px; top: 5px; text-align: left;\"><\/div>\n<div style=\"left: 5px; top: 5px; text-align: left;\"><\/div>\n<div style=\"left: 5px; top: 5px; text-align: center;\"><a title=\"BROCHURE\" href=\"http:\/\/www.binarisoftware.com\/fr\/files\/2013\/07\/caotic_triptic-moduls_french.pdf\" target=\"_blank\"><strong><span style=\"color: #ff6600;\"><span style=\"color: #ff6600;\">T\u00c9L\u00c9CHARGER LE BROCHURE PDF&#8230;<\/span><\/span><\/strong><\/a><\/div>\n<div class=\"sharedaddy sd-sharing-enabled\"><div class=\"robots-nocontent sd-block sd-social sd-social-official sd-sharing\"><h3 class=\"sd-title\">Partager&nbsp;:<\/h3><div class=\"sd-content\"><ul><li class=\"share-print\"><a rel=\"nofollow noopener noreferrer\" data-shared=\"\" class=\"share-print sd-button\" href=\"https:\/\/www.binarisoftware.com\/fr\/solutions-2\/caotic\/\" target=\"_blank\" title=\"Cliquer pour imprimer\" ><span>Imprimer<\/span><\/a><\/li><li class=\"share-linkedin\"><div class=\"linkedin_button\"><script type=\"in\/share\" data-url=\"https:\/\/www.binarisoftware.com\/fr\/solutions-2\/caotic\/\" data-counter=\"right\"><\/script><\/div><\/li><li class=\"share-twitter\"><a href=\"https:\/\/twitter.com\/share\" class=\"twitter-share-button\" data-url=\"https:\/\/www.binarisoftware.com\/fr\/solutions-2\/caotic\/\" data-text=\"Caotic\"  >Tweet<\/a><\/li><li class=\"share-end\"><\/li><\/ul><\/div><\/div><\/div>","protected":false},"excerpt":{"rendered":"<p>\u201cCaotic est la solution pour entrep\u00f4ts qui r\u00e9pond aux besoins d\u2019efficacit\u00e9, pr\u00e9cision et contr\u00f4le d\u00e9mand\u00e9 par nos clients\u201d. Robert Munn\u00e9, Directeur Binari Software Solutions.. Binari pr\u00e9sente Caotic, la technologie la plus actuelle, en temps r\u00e9elpour automatiser les processus op\u00e9rationnels les plus exigeants dans les centres de stockage et distribution. Caotic aporte: Solution globale pour toute [&hellip;]<\/p>\n<div class=\"sharedaddy sd-sharing-enabled\"><div class=\"robots-nocontent sd-block sd-social sd-social-official sd-sharing\"><h3 class=\"sd-title\">Partager&nbsp;:<\/h3><div class=\"sd-content\"><ul><li class=\"share-print\"><a rel=\"nofollow noopener noreferrer\" data-shared=\"\" class=\"share-print sd-button\" href=\"https:\/\/www.binarisoftware.com\/fr\/solutions-2\/caotic\/\" target=\"_blank\" title=\"Cliquer pour imprimer\" ><span>Imprimer<\/span><\/a><\/li><li class=\"share-linkedin\"><div class=\"linkedin_button\"><script type=\"in\/share\" data-url=\"https:\/\/www.binarisoftware.com\/fr\/solutions-2\/caotic\/\" data-counter=\"right\"><\/script><\/div><\/li><li class=\"share-twitter\"><a href=\"https:\/\/twitter.com\/share\" class=\"twitter-share-button\" data-url=\"https:\/\/www.binarisoftware.com\/fr\/solutions-2\/caotic\/\" data-text=\"Caotic\"  >Tweet<\/a><\/li><li class=\"share-end\"><\/li><\/ul><\/div><\/div><\/div>","protected":false},"author":1,"featured_media":0,"parent":85,"menu_order":0,"comment_status":"open","ping_status":"open","template":"","meta":{"jetpack_post_was_ever_published":false},"jetpack_sharing_enabled":true,"jetpack_shortlink":"https:\/\/wp.me\/P3KDHJ-1e","_links":{"self":[{"href":"https:\/\/www.binarisoftware.com\/fr\/wp-json\/wp\/v2\/pages\/76"}],"collection":[{"href":"https:\/\/www.binarisoftware.com\/fr\/wp-json\/wp\/v2\/pages"}],"about":[{"href":"https:\/\/www.binarisoftware.com\/fr\/wp-json\/wp\/v2\/types\/page"}],"author":[{"embeddable":true,"href":"https:\/\/www.binarisoftware.com\/fr\/wp-json\/wp\/v2\/users\/1"}],"replies":[{"embeddable":true,"href":"https:\/\/www.binarisoftware.com\/fr\/wp-json\/wp\/v2\/comments?post=76"}],"version-history":[{"count":19,"href":"https:\/\/www.binarisoftware.com\/fr\/wp-json\/wp\/v2\/pages\/76\/revisions"}],"predecessor-version":[{"id":291,"href":"https:\/\/www.binarisoftware.com\/fr\/wp-json\/wp\/v2\/pages\/76\/revisions\/291"}],"up":[{"embeddable":true,"href":"https:\/\/www.binarisoftware.com\/fr\/wp-json\/wp\/v2\/pages\/85"}],"wp:attachment":[{"href":"https:\/\/www.binarisoftware.com\/fr\/wp-json\/wp\/v2\/media?parent=76"}],"curies":[{"name":"wp","href":"https:\/\/api.w.org\/{rel}","templated":true}]}}